{"id":836,"date":"2026-03-29T08:02:31","date_gmt":"2026-03-29T08:02:31","guid":{"rendered":"https:\/\/primalroar.es\/?post_type=product&#038;p=836"},"modified":"2026-04-08T10:29:18","modified_gmt":"2026-04-08T10:29:18","slug":"motion-jgr-2","status":"publish","type":"product","link":"https:\/\/primalroar.es\/index.php\/producto\/motion-jgr-2\/","title":{"rendered":"MOTION JGR"},"content":{"rendered":"<p>Patr\u00f3n orientado a la comodidad y la movilidad con ca\u00edda natural con cintura el\u00e1stica\u00a0para sujeci\u00f3n confortable,\u00a0cord\u00f3n plano a tono\u00a0y\u00a0ojales reforzados\u00a0para un acabado limpio y resistente.<\/p>\n<p>Bolsillos con forro en felpa\u00a0para un contacto c\u00e1lido y agradable<\/p>\n<p class=\"cvGsUA direction-ltr align-start para-style-body\"><span class=\"a_GcMg font-feature-liga-off font-feature-clig-off font-feature-calt-off text-decoration-none text-strikethrough-none\">Lavar del rev\u00e9s a 30 \u00b0C con colores similares y n<\/span><span class=\"a_GcMg font-feature-liga-off font-feature-clig-off font-feature-calt-off text-decoration-none text-strikethrough-none\">o usar lej\u00eda.<\/span><\/p>\n<p class=\"cvGsUA direction-ltr align-start para-style-body\"><span class=\"a_GcMg font-feature-liga-off font-feature-clig-off font-feature-calt-off text-decoration-none text-strikethrough-none\"><strong>No meter en secadora<\/strong>\u00a0para preservar el fit, el acabado y el dise\u00f1o.<\/span><\/p>\n<p class=\"cvGsUA direction-ltr align-start para-style-body\"><em><span class=\"a_GcMg font-feature-liga-off font-feature-clig-off font-feature-calt-off text-decoration-none text-strikethrough-none\">El acabado lavado puede presentar ligeras variaciones de tono entre partidas y una m\u00ednima transferencia de color en los primeros lavados.<\/span><\/em><\/p>\n","protected":false},"excerpt":{"rendered":"<p>SAND BEIGE.<\/p>\n<p>Dise\u00f1ado para moverse contigo. Preparado para rendir. | Designed to move with you. Built to perform.<\/p>\n<p>Relaxed fit | 80% Organic cotton 20% polyester | 320GSM.<\/p>\n","protected":false},"featured_media":827,"comment_status":"open","ping_status":"closed","template":"","meta":[],"product_brand":[],"product_cat":[22],"product_tag":[36],"class_list":{"0":"post-836","1":"product","2":"type-product","3":"status-publish","4":"has-post-thumbnail","6":"product_cat-bottom","7":"product_tag-regular-fit","9":"first","10":"outofstock","11":"featured","12":"shipping-taxable","13":"purchasable","14":"product-type-variable"},"jetpack_sharing_enabled":true,"_links":{"self":[{"href":"https:\/\/primalroar.es\/index.php\/wp-json\/wp\/v2\/product\/836","targetHints":{"allow":["GET"]}}],"collection":[{"href":"https:\/\/primalroar.es\/index.php\/wp-json\/wp\/v2\/product"}],"about":[{"href":"https:\/\/primalroar.es\/index.php\/wp-json\/wp\/v2\/types\/product"}],"replies":[{"embeddable":true,"href":"https:\/\/primalroar.es\/index.php\/wp-json\/wp\/v2\/comments?post=836"}],"wp:featuredmedia":[{"embeddable":true,"href":"https:\/\/primalroar.es\/index.php\/wp-json\/wp\/v2\/media\/827"}],"wp:attachment":[{"href":"https:\/\/primalroar.es\/index.php\/wp-json\/wp\/v2\/media?parent=836"}],"wp:term":[{"taxonomy":"product_brand","embeddable":true,"href":"https:\/\/primalroar.es\/index.php\/wp-json\/wp\/v2\/product_brand?post=836"},{"taxonomy":"product_cat","embeddable":true,"href":"https:\/\/primalroar.es\/index.php\/wp-json\/wp\/v2\/product_cat?post=836"},{"taxonomy":"product_tag","embeddable":true,"href":"https:\/\/primalroar.es\/index.php\/wp-json\/wp\/v2\/product_tag?post=836"}],"curies":[{"name":"wp","href":"https:\/\/api.w.org\/{rel}","templated":true}]}}