{"id":779,"date":"2026-03-28T22:00:15","date_gmt":"2026-03-28T22:00:15","guid":{"rendered":"https:\/\/primalroar.es\/?post_type=product&#038;p=779"},"modified":"2026-04-08T10:29:18","modified_gmt":"2026-04-08T10:29:18","slug":"core-swt-3","status":"publish","type":"product","link":"https:\/\/primalroar.es\/index.php\/producto\/core-swt-3\/","title":{"rendered":"CORE SWT"},"content":{"rendered":"<p class=\"cvGsUA direction-ltr align-start para-style-body\"><span class=\"a_GcMg font-feature-liga-off font-feature-clig-off font-feature-calt-off text-decoration-none text-strikethrough-none\">Capucha forrada para mayor volumen y confort, y\u00a0media luna del mismo tejido en la parte posterior del cuello para reforzar.<\/span><\/p>\n<p>Bolsillo de canguro frontal.<\/p>\n<p class=\"cvGsUA direction-ltr align-start para-style-body\">Canal\u00e9 2\u00d71 en cuello, pu\u00f1os y bajo para buen retorno el\u00e1stico y un perfil limpio.<\/p>\n<p class=\"cvGsUA direction-ltr align-start para-style-body\"><span class=\"a_GcMg font-feature-liga-off font-feature-clig-off font-feature-calt-off text-decoration-none text-strikethrough-none\">Lavar del rev\u00e9s a 30 \u00b0C con colores similares y n<\/span><span class=\"a_GcMg font-feature-liga-off font-feature-clig-off font-feature-calt-off text-decoration-none text-strikethrough-none\">o usar lej\u00eda.<\/span><\/p>\n<p class=\"cvGsUA direction-ltr align-start para-style-body\"><span class=\"a_GcMg font-feature-liga-off font-feature-clig-off font-feature-calt-off text-decoration-none text-strikethrough-none\"><strong>No meter en secadora<\/strong>\u00a0para preservar el fit, el acabado y el dise\u00f1o.<\/span><\/p>\n<p class=\"cvGsUA direction-ltr align-start para-style-body\"><em><span class=\"a_GcMg font-feature-liga-off font-feature-clig-off font-feature-calt-off text-decoration-none text-strikethrough-none\">El acabado lavado puede presentar ligeras variaciones de tono entre partidas y una m\u00ednima transferencia de color en los primeros lavados.<\/span><\/em><\/p>\n","protected":false},"excerpt":{"rendered":"<p>IVORY SAND.<\/p>\n<p>La base de tu rutina. Tu estilo sin esfuerzo. | The foundation of your routine. Your effortless style.<\/p>\n<p>Oversize fit | 100% Organic cotton | 420GSM.<\/p>\n","protected":false},"featured_media":763,"comment_status":"open","ping_status":"closed","template":"","meta":[],"product_brand":[],"product_cat":[21],"product_tag":[29],"class_list":{"0":"post-779","1":"product","2":"type-product","3":"status-publish","4":"has-post-thumbnail","6":"product_cat-sweetshirts","7":"product_tag-oversize-fit","9":"first","10":"outofstock","11":"shipping-taxable","12":"purchasable","13":"product-type-variable"},"jetpack_sharing_enabled":true,"_links":{"self":[{"href":"https:\/\/primalroar.es\/index.php\/wp-json\/wp\/v2\/product\/779","targetHints":{"allow":["GET"]}}],"collection":[{"href":"https:\/\/primalroar.es\/index.php\/wp-json\/wp\/v2\/product"}],"about":[{"href":"https:\/\/primalroar.es\/index.php\/wp-json\/wp\/v2\/types\/product"}],"replies":[{"embeddable":true,"href":"https:\/\/primalroar.es\/index.php\/wp-json\/wp\/v2\/comments?post=779"}],"wp:featuredmedia":[{"embeddable":true,"href":"https:\/\/primalroar.es\/index.php\/wp-json\/wp\/v2\/media\/763"}],"wp:attachment":[{"href":"https:\/\/primalroar.es\/index.php\/wp-json\/wp\/v2\/media?parent=779"}],"wp:term":[{"taxonomy":"product_brand","embeddable":true,"href":"https:\/\/primalroar.es\/index.php\/wp-json\/wp\/v2\/product_brand?post=779"},{"taxonomy":"product_cat","embeddable":true,"href":"https:\/\/primalroar.es\/index.php\/wp-json\/wp\/v2\/product_cat?post=779"},{"taxonomy":"product_tag","embeddable":true,"href":"https:\/\/primalroar.es\/index.php\/wp-json\/wp\/v2\/product_tag?post=779"}],"curies":[{"name":"wp","href":"https:\/\/api.w.org\/{rel}","templated":true}]}}