{"id":1238,"date":"2026-04-03T15:52:27","date_gmt":"2026-04-03T15:52:27","guid":{"rendered":"https:\/\/primalroar.es\/?post_type=product&#038;p=1238"},"modified":"2026-04-08T10:29:18","modified_gmt":"2026-04-08T10:29:18","slug":"core-mix-set","status":"publish","type":"product","link":"https:\/\/primalroar.es\/index.php\/producto\/core-mix-set\/","title":{"rendered":"CORE MIX SET"},"content":{"rendered":"<p>HODDIE:\u00a0<span class=\"a_GcMg font-feature-liga-off font-feature-clig-off font-feature-calt-off text-decoration-none text-strikethrough-none\">Capucha forrada para mayor volumen y confort, y\u00a0media luna del mismo tejido en la parte posterior del cuello para reforzar.<\/span><\/p>\n<p>Bolsillo de canguro frontal.<\/p>\n<p class=\"cvGsUA direction-ltr align-start para-style-body\">Canal\u00e9 2\u00d71 en cuello, pu\u00f1os y bajo para buen retorno el\u00e1stico y un perfil limpio.<\/p>\n<p>JOGGER: Cintura el\u00e1stica para sujeci\u00f3n c\u00f3moda, cord\u00f3n plano a tono con ojales de metal para mayor resistencia y un acabado limpio.<\/p>\n<p>El\u00e1stico en el dobladillo inferior\u00a0que ayuda a asentar la prenda y a enmarcar el calzado.\u00a0Forro de bolsillo en felpa perchada\u00a0para un contacto c\u00e1lido y confortable.<\/p>\n<p>&nbsp;<\/p>\n<p class=\"cvGsUA direction-ltr align-start para-style-body\"><span class=\"a_GcMg font-feature-liga-off font-feature-clig-off font-feature-calt-off text-decoration-none text-strikethrough-none\">Lavar del rev\u00e9s a 30 \u00b0C con colores similares y n<\/span><span class=\"a_GcMg font-feature-liga-off font-feature-clig-off font-feature-calt-off text-decoration-none text-strikethrough-none\">o usar lej\u00eda.<\/span><\/p>\n<p class=\"cvGsUA direction-ltr align-start para-style-body\"><span class=\"a_GcMg font-feature-liga-off font-feature-clig-off font-feature-calt-off text-decoration-none text-strikethrough-none\"><strong>No meter en secadora<\/strong>\u00a0para preservar el fit, el acabado y el dise\u00f1o.<\/span><\/p>\n<p class=\"cvGsUA direction-ltr align-start para-style-body\"><em><span class=\"a_GcMg font-feature-liga-off font-feature-clig-off font-feature-calt-off text-decoration-none text-strikethrough-none\">El acabado lavado puede presentar ligeras variaciones de tono entre partidas y una m\u00ednima transferencia de color en los primeros lavados.<\/span><\/em><\/p>\n","protected":false},"excerpt":{"rendered":"<p>FOREST GREEN | STONE GREY | EARTH BROWN | IVORY SAND<\/p>\n<p>Choose your balance. Build your set | Elige tu equilibrio. Construye tu set.<\/p>\n<p>Oversize fit | 100% Organic cotton | 420GSM.<\/p>\n","protected":false},"featured_media":1245,"comment_status":"open","ping_status":"closed","template":"","meta":[],"product_brand":[],"product_cat":[35],"product_tag":[34,29,37],"class_list":{"0":"post-1238","1":"product","2":"type-product","3":"status-publish","4":"has-post-thumbnail","6":"product_cat-pr-sets","7":"product_tag-core","8":"product_tag-oversize-fit","9":"product_tag-set","11":"first","12":"outofstock","13":"shipping-taxable","14":"purchasable","15":"product-type-variable"},"jetpack_sharing_enabled":true,"_links":{"self":[{"href":"https:\/\/primalroar.es\/index.php\/wp-json\/wp\/v2\/product\/1238","targetHints":{"allow":["GET"]}}],"collection":[{"href":"https:\/\/primalroar.es\/index.php\/wp-json\/wp\/v2\/product"}],"about":[{"href":"https:\/\/primalroar.es\/index.php\/wp-json\/wp\/v2\/types\/product"}],"replies":[{"embeddable":true,"href":"https:\/\/primalroar.es\/index.php\/wp-json\/wp\/v2\/comments?post=1238"}],"wp:featuredmedia":[{"embeddable":true,"href":"https:\/\/primalroar.es\/index.php\/wp-json\/wp\/v2\/media\/1245"}],"wp:attachment":[{"href":"https:\/\/primalroar.es\/index.php\/wp-json\/wp\/v2\/media?parent=1238"}],"wp:term":[{"taxonomy":"product_brand","embeddable":true,"href":"https:\/\/primalroar.es\/index.php\/wp-json\/wp\/v2\/product_brand?post=1238"},{"taxonomy":"product_cat","embeddable":true,"href":"https:\/\/primalroar.es\/index.php\/wp-json\/wp\/v2\/product_cat?post=1238"},{"taxonomy":"product_tag","embeddable":true,"href":"https:\/\/primalroar.es\/index.php\/wp-json\/wp\/v2\/product_tag?post=1238"}],"curies":[{"name":"wp","href":"https:\/\/api.w.org\/{rel}","templated":true}]}}