{"id":1411,"date":"2026-04-09T08:24:30","date_gmt":"2026-04-09T08:24:30","guid":{"rendered":"https:\/\/primalroar.es\/?page_id=1411"},"modified":"2026-04-09T08:24:31","modified_gmt":"2026-04-09T08:24:31","slug":"contacto-y-atencion-al-cliente","status":"publish","type":"page","link":"https:\/\/primalroar.es\/index.php\/contacto-y-atencion-al-cliente\/","title":{"rendered":"Contacto y atenci\u00f3n al cliente"},"content":{"rendered":"\n<h4 class=\"wp-block-heading\">1. C\u00f3mo contactar con nosotros<\/h4>\n\n\n\n<p class=\"has-small-font-size\" style=\"text-transform:none\">Si tienes cualquier duda sobre productos, tallas, pedidos, env\u00edos, devoluciones o incidencias, puedes contactar con nosotros a trav\u00e9s de:<\/p>\n\n\n\n<p class=\"has-small-font-size\" style=\"text-transform:none\"><strong>Correo electr\u00f3nico:<\/strong> info@primalroar.es<br><strong>Horario de atenci\u00f3n:<\/strong> de lunes a viernes de 10:00h a 16:00h<br><strong>Instagram:<\/strong> @primalroarbrand<\/p>\n\n\n\n<p class=\"has-small-font-size\" style=\"text-transform:none\">Intentaremos responder en el menor tiempo posible.<\/p>\n\n\n\n<h4 class=\"wp-block-heading\">2. Consultas relacionadas con pedidos<\/h4>\n\n\n\n<p class=\"has-small-font-size\" style=\"text-transform:none\">Para agilizar cualquier gesti\u00f3n relacionada con un pedido, te recomendamos indicar:<\/p>\n\n\n\n<ul class=\"wp-block-list\">\n<li class=\"has-small-font-size\" style=\"text-transform:none\">nombre completo, <\/li>\n\n\n\n<li class=\"has-small-font-size\" style=\"text-transform:none\">n\u00famero de pedido, <\/li>\n\n\n\n<li class=\"has-small-font-size\" style=\"text-transform:none\">correo utilizado en la compra, <\/li>\n\n\n\n<li class=\"has-small-font-size\" style=\"text-transform:none\">y una breve explicaci\u00f3n de la consulta o incidencia.<\/li>\n<\/ul>\n\n\n\n<h4 class=\"wp-block-heading\">3. Marca<\/h4>\n\n\n\n<p class=\"has-small-font-size\" style=\"text-transform:none\">PRIMAL ROAR es una marca orientada a ropa y accesorios de entrenamiento y estilo deportivo, con enfoque funcional y est\u00e9tico para uso dentro y fuera del Box\/Gym.<\/p>\n","protected":false},"excerpt":{"rendered":"<p>1. C\u00f3mo contactar con nosotros Si tienes cualquier duda sobre productos, tallas, pedidos, env\u00edos, devoluciones o incidencias, puedes contactar con nosotros a trav\u00e9s de: Correo electr\u00f3nico: info@primalroar.esHorario de atenci\u00f3n: de [&hellip;]<\/p>\n","protected":false},"author":1,"featured_media":0,"parent":0,"menu_order":0,"comment_status":"closed","ping_status":"closed","template":"","meta":{"footnotes":""},"class_list":["post-1411","page","type-page","status-publish","hentry"],"jetpack_sharing_enabled":true,"_links":{"self":[{"href":"https:\/\/primalroar.es\/index.php\/wp-json\/wp\/v2\/pages\/1411","targetHints":{"allow":["GET"]}}],"collection":[{"href":"https:\/\/primalroar.es\/index.php\/wp-json\/wp\/v2\/pages"}],"about":[{"href":"https:\/\/primalroar.es\/index.php\/wp-json\/wp\/v2\/types\/page"}],"author":[{"embeddable":true,"href":"https:\/\/primalroar.es\/index.php\/wp-json\/wp\/v2\/users\/1"}],"replies":[{"embeddable":true,"href":"https:\/\/primalroar.es\/index.php\/wp-json\/wp\/v2\/comments?post=1411"}],"version-history":[{"count":3,"href":"https:\/\/primalroar.es\/index.php\/wp-json\/wp\/v2\/pages\/1411\/revisions"}],"predecessor-version":[{"id":1444,"href":"https:\/\/primalroar.es\/index.php\/wp-json\/wp\/v2\/pages\/1411\/revisions\/1444"}],"wp:attachment":[{"href":"https:\/\/primalroar.es\/index.php\/wp-json\/wp\/v2\/media?parent=1411"}],"curies":[{"name":"wp","href":"https:\/\/api.w.org\/{rel}","templated":true}]}}