{"id":1405,"date":"2026-04-09T08:25:45","date_gmt":"2026-04-09T08:25:45","guid":{"rendered":"https:\/\/primalroar.es\/?page_id=1405"},"modified":"2026-04-09T08:25:46","modified_gmt":"2026-04-09T08:25:46","slug":"politica-de-cookies","status":"publish","type":"page","link":"https:\/\/primalroar.es\/index.php\/politica-de-cookies\/","title":{"rendered":"Pol\u00edtica de Cookies"},"content":{"rendered":"\n<h4 class=\"wp-block-heading\">1. \u00bfQU\u00c9 SON LAS COOKIES?<\/h4>\n\n\n\n<p class=\"has-small-font-size\" style=\"text-transform:none\">Las cookies son peque\u00f1os archivos que se descargan en el dispositivo del usuario al acceder a determinadas p\u00e1ginas web. Permiten, entre otras cosas, almacenar y recuperar informaci\u00f3n sobre la navegaci\u00f3n del usuario y mejorar la experiencia de uso.<\/p>\n\n\n\n<h4 class=\"wp-block-heading\">2. \u00bfQu\u00e9 tipos de cookies usamos?<\/h4>\n\n\n\n<p class=\"has-small-font-size\" style=\"text-transform:none\">Este sitio web puede utilizar:<\/p>\n\n\n\n<ul class=\"wp-block-list\">\n<li class=\"has-small-font-size\" style=\"text-transform:none\"><strong>Cookies t\u00e9cnicas o necesarias:<\/strong> imprescindibles para el funcionamiento b\u00e1sico de la web. <\/li>\n\n\n\n<li class=\"has-small-font-size\" style=\"text-transform:none\"><strong>Cookies de personalizaci\u00f3n:<\/strong> permiten recordar determinadas preferencias del usuario. <\/li>\n\n\n\n<li class=\"has-small-font-size\" style=\"text-transform:none\"><strong>Cookies de an\u00e1lisis o medici\u00f3n:<\/strong> permiten obtener informaci\u00f3n estad\u00edstica sobre el uso del sitio web. <\/li>\n\n\n\n<li class=\"has-small-font-size\" style=\"text-transform:none\"><strong>Cookies publicitarias o de marketing:<\/strong> permiten gestionar espacios publicitarios o mostrar anuncios personalizados, si se utilizan.<\/li>\n<\/ul>\n\n\n\n<h4 class=\"wp-block-heading\">3. Cookies propias y de terceros<\/h4>\n\n\n\n<p class=\"has-small-font-size\" style=\"text-transform:none\">Este sitio web puede utilizar cookies propias y de terceros, como herramientas de anal\u00edtica, plataformas de pago, redes sociales o servicios integrados, en funci\u00f3n de la configuraci\u00f3n activa en cada momento.<\/p>\n\n\n\n<h4 class=\"wp-block-heading\">4. Gesti\u00f3n del consentimiento<\/h4>\n\n\n\n<p class=\"has-small-font-size\" style=\"text-transform:none\">Al acceder por primera vez al sitio web, el usuario puede aceptar, rechazar o configurar el uso de cookies, salvo aquellas estrictamente necesarias para el funcionamiento de la web.<\/p>\n\n\n\n<p class=\"has-small-font-size\" style=\"text-transform:none\">El usuario puede modificar sus preferencias en cualquier momento desde el sistema de configuraci\u00f3n de cookies habilitado en el sitio web.<\/p>\n\n\n\n<h4 class=\"wp-block-heading\">5. Como desactivar o eliminar las cookies<\/h4>\n\n\n\n<p class=\"has-small-font-size\" style=\"text-transform:none\">El usuario puede permitir, bloquear o eliminar las cookies instaladas en su dispositivo mediante la configuraci\u00f3n de su navegador. La desactivaci\u00f3n de determinadas cookies puede afectar al correcto funcionamiento de algunas funcionalidades del sitio.<\/p>\n\n\n\n<h4 class=\"wp-block-heading\">6. Actualizaciones de esta pol\u00edtica<\/h4>\n\n\n\n<p class=\"has-small-font-size\" style=\"text-transform:none\">La presente Pol\u00edtica de Cookies puede modificarse en funci\u00f3n de cambios normativos o t\u00e9cnicos.<\/p>\n","protected":false},"excerpt":{"rendered":"<p>1. \u00bfQU\u00c9 SON LAS COOKIES? Las cookies son peque\u00f1os archivos que se descargan en el dispositivo del usuario al acceder a determinadas p\u00e1ginas web. Permiten, entre otras cosas, almacenar y [&hellip;]<\/p>\n","protected":false},"author":1,"featured_media":0,"parent":0,"menu_order":0,"comment_status":"closed","ping_status":"closed","template":"","meta":{"footnotes":""},"class_list":["post-1405","page","type-page","status-publish","hentry"],"jetpack_sharing_enabled":true,"_links":{"self":[{"href":"https:\/\/primalroar.es\/index.php\/wp-json\/wp\/v2\/pages\/1405","targetHints":{"allow":["GET"]}}],"collection":[{"href":"https:\/\/primalroar.es\/index.php\/wp-json\/wp\/v2\/pages"}],"about":[{"href":"https:\/\/primalroar.es\/index.php\/wp-json\/wp\/v2\/types\/page"}],"author":[{"embeddable":true,"href":"https:\/\/primalroar.es\/index.php\/wp-json\/wp\/v2\/users\/1"}],"replies":[{"embeddable":true,"href":"https:\/\/primalroar.es\/index.php\/wp-json\/wp\/v2\/comments?post=1405"}],"version-history":[{"count":3,"href":"https:\/\/primalroar.es\/index.php\/wp-json\/wp\/v2\/pages\/1405\/revisions"}],"predecessor-version":[{"id":1424,"href":"https:\/\/primalroar.es\/index.php\/wp-json\/wp\/v2\/pages\/1405\/revisions\/1424"}],"wp:attachment":[{"href":"https:\/\/primalroar.es\/index.php\/wp-json\/wp\/v2\/media?parent=1405"}],"curies":[{"name":"wp","href":"https:\/\/api.w.org\/{rel}","templated":true}]}}